{"id":93,"date":"2023-07-12T16:44:25","date_gmt":"2023-07-12T14:44:25","guid":{"rendered":"http:\/\/qi-pan.com\/?page_id=93"},"modified":"2023-07-12T16:57:08","modified_gmt":"2023-07-12T14:57:08","slug":"le-handpan","status":"publish","type":"page","link":"https:\/\/qi-pan.com\/index.php\/le-handpan\/","title":{"rendered":"l&rsquo;Histoire du Handpan"},"content":{"rendered":"\n<p class=\"has-text-align-center\" id=\"1689173296649\">L&rsquo;histoire du handpan remonte aux ann\u00e9es 2000, lorsque deux artisans suisses, Felix Rohner et Sabina Sch\u00e4rer, ont cr\u00e9\u00e9 le premier instrument de ce type appel\u00e9 \u00ab\u00a0Hang\u00a0\u00bb. Le mot \u00ab\u00a0Hang\u00a0\u00bb signifie \u00ab\u00a0main\u00a0\u00bb en suisse-allemand, ce qui refl\u00e8te la mani\u00e8re dont l&rsquo;instrument est jou\u00e9 en le frappant avec les mains.<br><br>Felix Rohner \u00e9tait un fabricant d&rsquo;instruments de musique conventionnels, tandis que Sabina Sch\u00e4rer \u00e9tait une artiste et sculpteuse. Ensemble, ils ont combin\u00e9 leurs comp\u00e9tences et leurs connaissances pour concevoir et fabriquer un nouvel instrument \u00e0 percussion.<br><br>Le Hang a \u00e9t\u00e9 con\u00e7u comme une \u00e9volution du steel drum, un instrument originaire de Trinit\u00e9-et-Tobago. Cependant, le Hang pr\u00e9sentait des diff\u00e9rences significatives, notamment dans sa forme, sa m\u00e9thode de fabrication et sa sonorit\u00e9. Il \u00e9tait fabriqu\u00e9 \u00e0 partir de deux demi-coques en acier inoxydable, avec des notes en forme de d\u00f4me dispos\u00e9es de mani\u00e8re circulaire.<br><br>Le Hang a connu un succ\u00e8s croissant et a suscit\u00e9 un int\u00e9r\u00eat mondial. Cependant, en raison de la demande croissante et de la difficult\u00e9 de fabrication, Felix Rohner et Sabina Sch\u00e4rer ont d\u00e9cid\u00e9 de cesser la production du Hang en 2013.<br><br>Cependant, l&rsquo;engouement pour cet instrument n&rsquo;a pas diminu\u00e9. D&rsquo;autres artisans et fabricants du monde entier ont commenc\u00e9 \u00e0 explorer la fabrication de leurs propres versions du handpan, en utilisant des techniques similaires ou en d\u00e9veloppant leurs propres m\u00e9thodes. Aujourd&rsquo;hui, il existe de nombreux fabricants et artisans qui cr\u00e9ent des handpans de haute qualit\u00e9 et de diff\u00e9rents styles.<br><br>Le handpan a gagn\u00e9 en popularit\u00e9 en raison de sa sonorit\u00e9 envo\u00fbtante et de sa facilit\u00e9 de jeu. Il est utilis\u00e9 dans divers genres musicaux, allant de la musique du monde \u00e0 la musique m\u00e9ditative, en passant par l&rsquo;ambient et m\u00eame le jazz.<br><br>L&rsquo;histoire du handpan est donc relativement courte, mais son impact sur la sc\u00e8ne musicale mondiale a \u00e9t\u00e9 significatif. Il a ouvert de nouvelles possibilit\u00e9s sonores et a captiv\u00e9 de nombreux musiciens et auditeurs avec sa sonorit\u00e9 unique et hypnotique.<\/p>\n","protected":false},"excerpt":{"rendered":"<p>L&rsquo;histoire du handpan remonte aux ann\u00e9es 2000, lorsque deux artisans suisses, Felix Rohner et Sabina Sch\u00e4rer, ont cr\u00e9\u00e9 le premier instrument de ce type appel\u00e9 \u00ab\u00a0Hang\u00a0\u00bb. Le mot \u00ab\u00a0Hang\u00a0\u00bb signifie \u00ab\u00a0main\u00a0\u00bb en suisse-allemand, ce qui refl\u00e8te la mani\u00e8re dont l&rsquo;instrument est jou\u00e9 en le frappant avec les mains. Felix Rohner \u00e9tait un fabricant d&rsquo;instruments de [&hellip;]<\/p>\n","protected":false},"author":1,"featured_media":0,"parent":0,"menu_order":0,"comment_status":"closed","ping_status":"closed","template":"","meta":{"footnotes":""},"class_list":["post-93","page","type-page","status-publish","hentry"],"_links":{"self":[{"href":"https:\/\/qi-pan.com\/index.php\/wp-json\/wp\/v2\/pages\/93","targetHints":{"allow":["GET"]}}],"collection":[{"href":"https:\/\/qi-pan.com\/index.php\/wp-json\/wp\/v2\/pages"}],"about":[{"href":"https:\/\/qi-pan.com\/index.php\/wp-json\/wp\/v2\/types\/page"}],"author":[{"embeddable":true,"href":"https:\/\/qi-pan.com\/index.php\/wp-json\/wp\/v2\/users\/1"}],"replies":[{"embeddable":true,"href":"https:\/\/qi-pan.com\/index.php\/wp-json\/wp\/v2\/comments?post=93"}],"version-history":[{"count":5,"href":"https:\/\/qi-pan.com\/index.php\/wp-json\/wp\/v2\/pages\/93\/revisions"}],"predecessor-version":[{"id":106,"href":"https:\/\/qi-pan.com\/index.php\/wp-json\/wp\/v2\/pages\/93\/revisions\/106"}],"wp:attachment":[{"href":"https:\/\/qi-pan.com\/index.php\/wp-json\/wp\/v2\/media?parent=93"}],"curies":[{"name":"wp","href":"https:\/\/api.w.org\/{rel}","templated":true}]}}